{"id":12,"date":"2022-03-14T19:26:24","date_gmt":"2022-03-14T18:26:24","guid":{"rendered":"http:\/\/www.biscuiterie3pointzero.fr\/?page_id=12"},"modified":"2022-11-23T21:07:47","modified_gmt":"2022-11-23T20:07:47","slug":"accueil","status":"publish","type":"page","link":"https:\/\/www.biscuiterie3pointzero.fr\/index.php\/accueil\/","title":{"rendered":"Accueil"},"content":{"rendered":"\n<p>Bienvenu \u00e0 la Biscuiterie 3.0 nouvel espace de COWORKING sur Privas, ouvert depuis le 1er septembre 2022.<\/p>\n\n\n\n<p>Nous vous accueillons depuis le 1er septembre 2022 \u00e0 la journ\u00e9e, \u00e0 la semaine, au mois ou \u00e0 votre convenance apr\u00e8s \u00e9changes.<\/p>\n\n\n\n<p>La biscuiterie en octobre 2022 <\/p>\n\n\n\n<figure class=\"wp-block-image size-large\"><img loading=\"lazy\" decoding=\"async\" width=\"768\" height=\"1024\" src=\"http:\/\/www.biscuiterie3pointzero.fr\/wp-content\/uploads\/2022\/11\/IMG_20220831_181112-768x1024.jpg\" alt=\"\" class=\"wp-image-425\" srcset=\"https:\/\/www.biscuiterie3pointzero.fr\/wp-content\/uploads\/2022\/11\/IMG_20220831_181112-768x1024.jpg 768w, https:\/\/www.biscuiterie3pointzero.fr\/wp-content\/uploads\/2022\/11\/IMG_20220831_181112-225x300.jpg 225w, https:\/\/www.biscuiterie3pointzero.fr\/wp-content\/uploads\/2022\/11\/IMG_20220831_181112-1152x1536.jpg 1152w, https:\/\/www.biscuiterie3pointzero.fr\/wp-content\/uploads\/2022\/11\/IMG_20220831_181112-1536x2048.jpg 1536w, https:\/\/www.biscuiterie3pointzero.fr\/wp-content\/uploads\/2022\/11\/IMG_20220831_181112-scaled.jpg 1920w\" sizes=\"auto, (max-width: 768px) 100vw, 768px\" \/><\/figure>\n\n\n\n<figure class=\"wp-block-gallery has-nested-images columns-default is-cropped wp-block-gallery-1 is-layout-flex wp-block-gallery-is-layout-flex\">\n<figure class=\"wp-block-image size-large\"><img loading=\"lazy\" decoding=\"async\" width=\"768\" height=\"1024\" data-id=\"368\" src=\"http:\/\/www.biscuiterie3pointzero.fr\/wp-content\/uploads\/2022\/08\/IMG_20220709_181052-768x1024.jpg\" alt=\"\" class=\"wp-image-368\" srcset=\"https:\/\/www.biscuiterie3pointzero.fr\/wp-content\/uploads\/2022\/08\/IMG_20220709_181052-768x1024.jpg 768w, https:\/\/www.biscuiterie3pointzero.fr\/wp-content\/uploads\/2022\/08\/IMG_20220709_181052-225x300.jpg 225w, https:\/\/www.biscuiterie3pointzero.fr\/wp-content\/uploads\/2022\/08\/IMG_20220709_181052-1152x1536.jpg 1152w, https:\/\/www.biscuiterie3pointzero.fr\/wp-content\/uploads\/2022\/08\/IMG_20220709_181052-1536x2048.jpg 1536w, https:\/\/www.biscuiterie3pointzero.fr\/wp-content\/uploads\/2022\/08\/IMG_20220709_181052-scaled.jpg 1920w\" sizes=\"auto, (max-width: 768px) 100vw, 768px\" \/><\/figure>\n<\/figure>\n\n\n\n<p>La Biscuiterie en avril 2021<\/p>\n\n\n\n<figure class=\"wp-block-image size-large is-style-rounded\"><img loading=\"lazy\" decoding=\"async\" width=\"1024\" height=\"768\" src=\"http:\/\/www.biscuiterie3pointzero.fr\/wp-content\/uploads\/2022\/03\/IMG-20210729-WA0002-1024x768.jpg\" alt=\"\" class=\"wp-image-28\" srcset=\"https:\/\/www.biscuiterie3pointzero.fr\/wp-content\/uploads\/2022\/03\/IMG-20210729-WA0002-1024x768.jpg 1024w, https:\/\/www.biscuiterie3pointzero.fr\/wp-content\/uploads\/2022\/03\/IMG-20210729-WA0002-300x225.jpg 300w, https:\/\/www.biscuiterie3pointzero.fr\/wp-content\/uploads\/2022\/03\/IMG-20210729-WA0002-768x576.jpg 768w, https:\/\/www.biscuiterie3pointzero.fr\/wp-content\/uploads\/2022\/03\/IMG-20210729-WA0002-1536x1152.jpg 1536w, https:\/\/www.biscuiterie3pointzero.fr\/wp-content\/uploads\/2022\/03\/IMG-20210729-WA0002.jpg 1600w\" sizes=\"auto, (max-width: 1024px) 100vw, 1024px\" \/><\/figure>\n\n\n\n<p><\/p>\n\n\n\n<p>la Biscuiterie en mars 2022<\/p>\n\n\n\n<figure class=\"wp-block-image size-large is-style-rounded\"><img loading=\"lazy\" decoding=\"async\" width=\"1024\" height=\"1024\" src=\"http:\/\/www.biscuiterie3pointzero.fr\/wp-content\/uploads\/2022\/04\/cropped-IMG-20220310-WA0004-1024x1024.jpg\" alt=\"\" class=\"wp-image-232\" srcset=\"https:\/\/www.biscuiterie3pointzero.fr\/wp-content\/uploads\/2022\/04\/cropped-IMG-20220310-WA0004-1024x1024.jpg 1024w, https:\/\/www.biscuiterie3pointzero.fr\/wp-content\/uploads\/2022\/04\/cropped-IMG-20220310-WA0004-300x300.jpg 300w, https:\/\/www.biscuiterie3pointzero.fr\/wp-content\/uploads\/2022\/04\/cropped-IMG-20220310-WA0004-150x150.jpg 150w, https:\/\/www.biscuiterie3pointzero.fr\/wp-content\/uploads\/2022\/04\/cropped-IMG-20220310-WA0004-768x768.jpg 768w, https:\/\/www.biscuiterie3pointzero.fr\/wp-content\/uploads\/2022\/04\/cropped-IMG-20220310-WA0004.jpg 1536w\" sizes=\"auto, (max-width: 1024px) 100vw, 1024px\" \/><\/figure>\n\n\n\n<p>la Biscuiterie en juin 2022<\/p>\n\n\n\n<figure class=\"wp-block-image size-large\"><img loading=\"lazy\" decoding=\"async\" width=\"1024\" height=\"768\" src=\"http:\/\/www.biscuiterie3pointzero.fr\/wp-content\/uploads\/2022\/06\/IMG_20220616_170954-1024x768.jpg\" alt=\"\" class=\"wp-image-313\" srcset=\"https:\/\/www.biscuiterie3pointzero.fr\/wp-content\/uploads\/2022\/06\/IMG_20220616_170954-1024x768.jpg 1024w, https:\/\/www.biscuiterie3pointzero.fr\/wp-content\/uploads\/2022\/06\/IMG_20220616_170954-300x225.jpg 300w, https:\/\/www.biscuiterie3pointzero.fr\/wp-content\/uploads\/2022\/06\/IMG_20220616_170954-768x576.jpg 768w, https:\/\/www.biscuiterie3pointzero.fr\/wp-content\/uploads\/2022\/06\/IMG_20220616_170954-1536x1152.jpg 1536w, https:\/\/www.biscuiterie3pointzero.fr\/wp-content\/uploads\/2022\/06\/IMG_20220616_170954-2048x1536.jpg 2048w\" sizes=\"auto, (max-width: 1024px) 100vw, 1024px\" \/><\/figure>\n","protected":false},"excerpt":{"rendered":"<p>Bienvenu \u00e0 la Biscuiterie 3.0 nouvel espace de COWORKING sur Privas, ouvert depuis le 1er septembre 2022. Nous vous accueillons depuis le 1er septembre 2022 \u00e0 la journ\u00e9e, \u00e0 la semaine, au mois ou \u00e0 votre convenance apr\u00e8s \u00e9changes. La biscuiterie en octobre 2022 La Biscuiterie en avril 2021 la Biscuiterie en mars 2022 la [&hellip;]<\/p>\n","protected":false},"author":1,"featured_media":0,"parent":0,"menu_order":0,"comment_status":"closed","ping_status":"closed","template":"","meta":{"footnotes":""},"class_list":["post-12","page","type-page","status-publish","hentry"],"_links":{"self":[{"href":"https:\/\/www.biscuiterie3pointzero.fr\/index.php\/wp-json\/wp\/v2\/pages\/12","targetHints":{"allow":["GET"]}}],"collection":[{"href":"https:\/\/www.biscuiterie3pointzero.fr\/index.php\/wp-json\/wp\/v2\/pages"}],"about":[{"href":"https:\/\/www.biscuiterie3pointzero.fr\/index.php\/wp-json\/wp\/v2\/types\/page"}],"author":[{"embeddable":true,"href":"https:\/\/www.biscuiterie3pointzero.fr\/index.php\/wp-json\/wp\/v2\/users\/1"}],"replies":[{"embeddable":true,"href":"https:\/\/www.biscuiterie3pointzero.fr\/index.php\/wp-json\/wp\/v2\/comments?post=12"}],"version-history":[{"count":8,"href":"https:\/\/www.biscuiterie3pointzero.fr\/index.php\/wp-json\/wp\/v2\/pages\/12\/revisions"}],"predecessor-version":[{"id":426,"href":"https:\/\/www.biscuiterie3pointzero.fr\/index.php\/wp-json\/wp\/v2\/pages\/12\/revisions\/426"}],"wp:attachment":[{"href":"https:\/\/www.biscuiterie3pointzero.fr\/index.php\/wp-json\/wp\/v2\/media?parent=12"}],"curies":[{"name":"wp","href":"https:\/\/api.w.org\/{rel}","templated":true}]}}